{"id":34,"date":"2023-03-23T16:22:21","date_gmt":"2023-03-23T19:22:21","guid":{"rendered":"https:\/\/www.analistadeseguros.com.br\/wp\/?page_id=34"},"modified":"2023-03-23T16:26:36","modified_gmt":"2023-03-23T19:26:36","slug":"sobre-copy-copy","status":"publish","type":"page","link":"https:\/\/www.analistadeseguros.com.br\/?page_id=34","title":{"rendered":"Principais Servi\u00e7os"},"content":{"rendered":"\n\n\t\t\t\t<img loading=\"lazy\" decoding=\"async\" src=\"https:\/\/www.analistadeseguros.com.br\/wp\/wp-content\/uploads\/2023\/03\/site_imagem_1.png\" alt=\"site_imagem_1\" itemprop=\"image\" height=\"456\" width=\"1595\" title=\"site_imagem_1\" onerror=\"this.style.display='none'\"  \/>\n\tSua Empresa est\u00e1 gastando seu dinheiro corretamente com os Seguros que faz?<br \/>\nCom efici\u00eancia e seguran\u00e7a?\n\t<p><strong>Assessoria para contrata\u00e7\u00e3o de seus Corretores, Seguradoras, suas Ap\u00f3lices e recebimento de Sinistros<\/strong><\/p>\n<p>A Analista n\u00e3o vende seguros, ela auxilia para que sua Empresa contrate os melhores Corretores, as melhores Seguradoras e os seguros necess\u00e1rios, pelos valores corretos e pelos melhores pre\u00e7os do mercado. Auxilia tamb\u00e9m para que sua empresa receba todas as Indeniza\u00e7\u00f5es de Sinistros por valores corretos no prazo certo<\/p>\n\t<p><strong>An\u00e1lise de seus Riscos <\/strong><\/p>\n<p>\u00c9 o processo de identifica\u00e7\u00e3o dos riscos a que a empresa est\u00e1 sujeita, que podem gerar perdas com preju\u00edzos, levando em considera\u00e7\u00e3o o processo produtivo, bem como, adequando estes Riscos ao processo de transfer\u00eancia para o mercado segurador. A identifica\u00e7\u00e3o pr\u00e9via destes poss\u00edveis riscos e danos e os mecanismos de preven\u00e7\u00e3o e mitiga\u00e7\u00e3o de riscos, tornam a contrata\u00e7\u00e3o de seguros mais correta e econ\u00f4mica. N\u00f3s podemos dar uma completa assessoria em Gerenciamento de Riscos e em Controle de Perdas.<\/p>\n\t<p><strong>An\u00e1lise de seus Seguros <\/strong><\/p>\n<p>Com base na An\u00e1lise e Dimensionamento dos riscos a que sua empresa est\u00e1 sujeita, analisaremos seus seguros, quanto \u00e0s coberturas, valores em risco, limites de indeniza\u00e7\u00f5es, franquias e todos os outros parametros que nos indicar\u00e3o a real situa\u00e7\u00e3o de suas coberturas securit\u00e1rias e poderemos responder: Seus seguros est\u00e3o ou n\u00e3o adequados \u00e0s suas necessidades, por pre\u00e7os corretos ou n\u00e3o<\/p>\n<strong>Dimensionamento de seus Riscos<\/strong>\nNos c\u00e1lculos dos Riscos a que sua Empresa est\u00e1 sujeita levaremos em considera\u00e7\u00e3o os seguintes fatores\nPMP (Perda M\u00e1xima Poss\u00edvel);\nDMP (Dano M\u00e1ximo Prov\u00e1vel);\nPNE (Perdas Normais Esperadas)\n<p>Com base nestas estimativas determinaremos os valores de perdas decorrentes de eventuais sinistros<\/p>\n\n","protected":false},"excerpt":{"rendered":"<p>Sua Empresa est\u00e1 gastando seu dinheiro corretamente com os Seguros que faz? Com efici\u00eancia e seguran\u00e7a? Assessoria para contrata\u00e7\u00e3o de seus Corretores, Seguradoras, suas Ap\u00f3lices e recebimento de Sinistros A Analista n\u00e3o vende seguros, ela auxilia para que sua Empresa contrate os melhores Corretores, as melhores Seguradoras e os seguros necess\u00e1rios, pelos valores corretos e &hellip;<\/p>\n<p class=\"read-more\"> <a class=\"\" href=\"https:\/\/www.analistadeseguros.com.br\/?page_id=34\"> <span class=\"screen-reader-text\">Principais Servi\u00e7os<\/span> Leia mais &raquo;<\/a><\/p>\n","protected":false},"author":1,"featured_media":0,"parent":0,"menu_order":0,"comment_status":"closed","ping_status":"closed","template":"","meta":{"site-sidebar-layout":"default","site-content-layout":"page-builder","ast-global-header-display":"","ast-main-header-display":"","ast-hfb-above-header-display":"","ast-hfb-below-header-display":"","ast-hfb-mobile-header-display":"","site-post-title":"disabled","ast-breadcrumbs-content":"","ast-featured-img":"","footer-sml-layout":"","theme-transparent-header-meta":"","adv-header-id-meta":"","stick-header-meta":"","header-above-stick-meta":"","header-main-stick-meta":"","header-below-stick-meta":"","footnotes":""},"class_list":["post-34","page","type-page","status-publish","hentry"],"_links":{"self":[{"href":"https:\/\/www.analistadeseguros.com.br\/index.php?rest_route=\/wp\/v2\/pages\/34","targetHints":{"allow":["GET"]}}],"collection":[{"href":"https:\/\/www.analistadeseguros.com.br\/index.php?rest_route=\/wp\/v2\/pages"}],"about":[{"href":"https:\/\/www.analistadeseguros.com.br\/index.php?rest_route=\/wp\/v2\/types\/page"}],"author":[{"embeddable":true,"href":"https:\/\/www.analistadeseguros.com.br\/index.php?rest_route=\/wp\/v2\/users\/1"}],"replies":[{"embeddable":true,"href":"https:\/\/www.analistadeseguros.com.br\/index.php?rest_route=%2Fwp%2Fv2%2Fcomments&post=34"}],"version-history":[{"count":2,"href":"https:\/\/www.analistadeseguros.com.br\/index.php?rest_route=\/wp\/v2\/pages\/34\/revisions"}],"predecessor-version":[{"id":36,"href":"https:\/\/www.analistadeseguros.com.br\/index.php?rest_route=\/wp\/v2\/pages\/34\/revisions\/36"}],"wp:attachment":[{"href":"https:\/\/www.analistadeseguros.com.br\/index.php?rest_route=%2Fwp%2Fv2%2Fmedia&parent=34"}],"curies":[{"name":"wp","href":"https:\/\/api.w.org\/{rel}","templated":true}]}}