{"id":31,"date":"2023-03-23T16:18:20","date_gmt":"2023-03-23T19:18:20","guid":{"rendered":"https:\/\/www.analistadeseguros.com.br\/wp\/?page_id=31"},"modified":"2023-03-23T16:21:15","modified_gmt":"2023-03-23T19:21:15","slug":"sobre-copy","status":"publish","type":"page","link":"https:\/\/www.analistadeseguros.com.br\/?page_id=31","title":{"rendered":"Principal"},"content":{"rendered":"\n\n\t\t\t\t<img loading=\"lazy\" decoding=\"async\" src=\"https:\/\/www.analistadeseguros.com.br\/wp\/wp-content\/uploads\/2023\/03\/site_imagem_1.png\" alt=\"site_imagem_1\" itemprop=\"image\" height=\"456\" width=\"1595\" title=\"site_imagem_1\" onerror=\"this.style.display='none'\"  \/>\n\tSua Empresa est\u00e1 gastando seu dinheiro corretamente com os Seguros que faz?<br \/>\nCom efici\u00eancia e seguran\u00e7a?\n\t<p><strong>Sua Empresa est\u00e1 apta a responder a essas quest\u00f5es? <\/strong><\/p>\nSeus seguros est\u00e3o com coberturas satisfat\u00f3rias? Cobrem todos os riscos que deveriam estar cobertos? Pelos valores corretos? Os riscos n\u00e3o seguraveis est\u00e3o sendo mitigados de alguma forma?<br \/>\nOs crit\u00e9rios s\u00e3o bem definidos quando contratados? Os &#8220;VRs&#8221; s\u00e3o adequados? A deprecia\u00e7\u00e3o foi levada em conta? As franquias s\u00e3o condizentes com o que o mercado pratica? Os &#8220;LMIs&#8221; s\u00e3o satisfat\u00f3rios? Os sub-limites tamb\u00e9m? As cota\u00e7\u00f5es de seguros s\u00e3o analisadas com os mesmos crit\u00e9rios comerciais e t\u00e9cnicos que os utilizados no departamento de suprimentos? Com os mesmos n\u00edveis de confiabilidade? Quem confere tecnicamente a qualidade do que foi comprado com o que foi recebido?<br \/>\nComo s\u00e3o analisados e acompanhados os sinistros e as indeniza\u00e7\u00f5es? Todos os sinistros foram avisados? Est\u00e3o recebendo todas as indeniza\u00e7\u00f5es? Rapidamente? Pelo m\u00e1ximo valor poss\u00edvel?\n\n","protected":false},"excerpt":{"rendered":"<p>Sua Empresa est\u00e1 gastando seu dinheiro corretamente com os Seguros que faz? Com efici\u00eancia e seguran\u00e7a? Sua Empresa est\u00e1 apta a responder a essas quest\u00f5es? Seus seguros est\u00e3o com coberturas satisfat\u00f3rias? Cobrem todos os riscos que deveriam estar cobertos? Pelos valores corretos? Os riscos n\u00e3o seguraveis est\u00e3o sendo mitigados de alguma forma? Os crit\u00e9rios s\u00e3o &hellip;<\/p>\n<p class=\"read-more\"> <a class=\"\" href=\"https:\/\/www.analistadeseguros.com.br\/?page_id=31\"> <span class=\"screen-reader-text\">Principal<\/span> Leia mais &raquo;<\/a><\/p>\n","protected":false},"author":1,"featured_media":0,"parent":0,"menu_order":0,"comment_status":"closed","ping_status":"closed","template":"","meta":{"site-sidebar-layout":"default","site-content-layout":"page-builder","ast-global-header-display":"","ast-main-header-display":"","ast-hfb-above-header-display":"","ast-hfb-below-header-display":"","ast-hfb-mobile-header-display":"","site-post-title":"disabled","ast-breadcrumbs-content":"","ast-featured-img":"","footer-sml-layout":"","theme-transparent-header-meta":"","adv-header-id-meta":"","stick-header-meta":"","header-above-stick-meta":"","header-main-stick-meta":"","header-below-stick-meta":"","footnotes":""},"class_list":["post-31","page","type-page","status-publish","hentry"],"_links":{"self":[{"href":"https:\/\/www.analistadeseguros.com.br\/index.php?rest_route=\/wp\/v2\/pages\/31","targetHints":{"allow":["GET"]}}],"collection":[{"href":"https:\/\/www.analistadeseguros.com.br\/index.php?rest_route=\/wp\/v2\/pages"}],"about":[{"href":"https:\/\/www.analistadeseguros.com.br\/index.php?rest_route=\/wp\/v2\/types\/page"}],"author":[{"embeddable":true,"href":"https:\/\/www.analistadeseguros.com.br\/index.php?rest_route=\/wp\/v2\/users\/1"}],"replies":[{"embeddable":true,"href":"https:\/\/www.analistadeseguros.com.br\/index.php?rest_route=%2Fwp%2Fv2%2Fcomments&post=31"}],"version-history":[{"count":2,"href":"https:\/\/www.analistadeseguros.com.br\/index.php?rest_route=\/wp\/v2\/pages\/31\/revisions"}],"predecessor-version":[{"id":33,"href":"https:\/\/www.analistadeseguros.com.br\/index.php?rest_route=\/wp\/v2\/pages\/31\/revisions\/33"}],"wp:attachment":[{"href":"https:\/\/www.analistadeseguros.com.br\/index.php?rest_route=%2Fwp%2Fv2%2Fmedia&parent=31"}],"curies":[{"name":"wp","href":"https:\/\/api.w.org\/{rel}","templated":true}]}}