{"id":19,"date":"2023-03-23T15:59:58","date_gmt":"2023-03-23T18:59:58","guid":{"rendered":"https:\/\/www.analistadeseguros.com.br\/wp\/?page_id=19"},"modified":"2023-03-23T16:13:31","modified_gmt":"2023-03-23T19:13:31","slug":"sobre","status":"publish","type":"page","link":"https:\/\/www.analistadeseguros.com.br\/","title":{"rendered":"Sobre"},"content":{"rendered":"\n\n\t\t\t\t<img loading=\"lazy\" decoding=\"async\" src=\"https:\/\/www.analistadeseguros.com.br\/wp\/wp-content\/uploads\/2023\/03\/site_imagem_1.png\" alt=\"site_imagem_1\" itemprop=\"image\" height=\"456\" width=\"1595\" title=\"site_imagem_1\" onerror=\"this.style.display='none'\"  \/>\n\tSua Empresa est\u00e1 gastando seu dinheiro corretamente com os Seguros que faz?<br \/>\nCom efici\u00eancia e seguran\u00e7a?\n\t<p><strong>Analista de Seguros<\/strong><\/p>\n<p>Fundada em 1978, em Ribeir\u00e3o Preto SP, por iniciativa do Sr. Luiz Spiritus que presta servi\u00e7os t\u00e9cnicos de seguros \u00e0s usinas e destilarias da regi\u00e3o e, na \u00e9poca, aos associados da SOPRAL com mais de 100 destilarias e usinas do Pro-\u00c1lcool.<\/p>\n<p>Com a experi\u00eancia adquirida como uma empresa prestadora de servi\u00e7os para o mercado segurador e como conhecedora de todo o processo produtivo das usinas e os riscos envolvidos, passamos a desenvolver projetos inovadores para atender \u00e0s necessidades de seguros para as \u00e1reas pessoais, industriais, de transportes, armazenagem, de equipamentos agr\u00edcolas, necessidades financeiras e de gera\u00e7\u00e3o de energia, atendendo com a busca de equil\u00edbrio de contas de seguros de vida em grupo, seguros garantia (p.ex.: para a Copersucar, garantindo as opera\u00e7\u00f5es da &#8220;Conta Limitadora de Cr\u00e9dito&#8221;), R.O. riscos operacionais para seguros patrimoniais (all risks), R.C. Geral e Empregador, D&amp;O, Recall, Lucros Cessantes, Gastos Adicionais para contratos de energia (mercado Spot), etc. . . . sempre com enfoque no Setor sucro\/alcooleiro\/energ\u00e9tico, com algumas parcerias, quando julgamos necess\u00e1rias para o interesse do Setor<\/p>\n<p><strong>Avalie seus seguros com quem entende e faz isso desde 1978<\/strong><\/p>\n\n","protected":false},"excerpt":{"rendered":"<p>Sua Empresa est\u00e1 gastando seu dinheiro corretamente com os Seguros que faz? Com efici\u00eancia e seguran\u00e7a? Analista de Seguros Fundada em 1978, em Ribeir\u00e3o Preto SP, por iniciativa do Sr. Luiz Spiritus que presta servi\u00e7os t\u00e9cnicos de seguros \u00e0s usinas e destilarias da regi\u00e3o e, na \u00e9poca, aos associados da SOPRAL com mais de 100 &hellip;<\/p>\n<p class=\"read-more\"> <a class=\"\" href=\"https:\/\/www.analistadeseguros.com.br\/\"> <span class=\"screen-reader-text\">Sobre<\/span> Leia mais &raquo;<\/a><\/p>\n","protected":false},"author":1,"featured_media":0,"parent":0,"menu_order":0,"comment_status":"closed","ping_status":"closed","template":"","meta":{"site-sidebar-layout":"default","site-content-layout":"page-builder","ast-global-header-display":"","ast-main-header-display":"","ast-hfb-above-header-display":"","ast-hfb-below-header-display":"","ast-hfb-mobile-header-display":"","site-post-title":"disabled","ast-breadcrumbs-content":"","ast-featured-img":"","footer-sml-layout":"","theme-transparent-header-meta":"","adv-header-id-meta":"","stick-header-meta":"","header-above-stick-meta":"","header-main-stick-meta":"","header-below-stick-meta":"","footnotes":""},"class_list":["post-19","page","type-page","status-publish","hentry"],"_links":{"self":[{"href":"https:\/\/www.analistadeseguros.com.br\/index.php?rest_route=\/wp\/v2\/pages\/19","targetHints":{"allow":["GET"]}}],"collection":[{"href":"https:\/\/www.analistadeseguros.com.br\/index.php?rest_route=\/wp\/v2\/pages"}],"about":[{"href":"https:\/\/www.analistadeseguros.com.br\/index.php?rest_route=\/wp\/v2\/types\/page"}],"author":[{"embeddable":true,"href":"https:\/\/www.analistadeseguros.com.br\/index.php?rest_route=\/wp\/v2\/users\/1"}],"replies":[{"embeddable":true,"href":"https:\/\/www.analistadeseguros.com.br\/index.php?rest_route=%2Fwp%2Fv2%2Fcomments&post=19"}],"version-history":[{"count":5,"href":"https:\/\/www.analistadeseguros.com.br\/index.php?rest_route=\/wp\/v2\/pages\/19\/revisions"}],"predecessor-version":[{"id":24,"href":"https:\/\/www.analistadeseguros.com.br\/index.php?rest_route=\/wp\/v2\/pages\/19\/revisions\/24"}],"wp:attachment":[{"href":"https:\/\/www.analistadeseguros.com.br\/index.php?rest_route=%2Fwp%2Fv2%2Fmedia&parent=19"}],"curies":[{"name":"wp","href":"https:\/\/api.w.org\/{rel}","templated":true}]}}